{"id":22542,"date":"2022-02-16T19:56:41","date_gmt":"2022-02-16T18:56:41","guid":{"rendered":"https:\/\/demaindemaitre.fr\/produit\/charles-antoine-coypel-3\/"},"modified":"2023-09-29T15:42:28","modified_gmt":"2023-09-29T13:42:28","slug":"charles-antoine-coypel-3","status":"publish","type":"product","link":"https:\/\/demaindemaitre.fr\/en\/product\/charles-antoine-coypel-3\/","title":{"rendered":"Charles Antoine Coypel"},"content":{"rendered":"<p>Antoine Coypel, n\u00e9 le 11 avril 1661 \u00e0 Paris, o\u00f9 il est mort le 7 janvier 1722, est un peintre fran\u00e7ais. Ses premiers tableaux, perdus mais dont certains sont connus par des gravures, t\u00e9moignent d&rsquo;une virtuosit\u00e9 tout \u00e0 fait exceptionnelle pour un peintre qui n\u2019a pas encore vingt ans. Membre de l\u2019Acad\u00e9mie royale de peinture et de sculpture \u00e0 20 ans, il conna\u00eet alors le succ\u00e8s et re\u00e7oit de nombreuses commandes pour les demeures royales de Marly, de Versailles ou encore de Meudon. Il devient le peintre officiel de la maison d&rsquo;Orl\u00e9ans en 1685. Nomm\u00e9 directeur de l\u2019Acad\u00e9mie en 1714 puis recteur, il est institu\u00e9 Premier peintre du Roi en 1716 et anobli en 1717. Son \u0153uvre majeure est la d\u00e9coration du plafond de la chapelle du ch\u00e2teau de Versailles (1716), r\u00e9alis\u00e9 dans un style baroque qui rappelle les exemples romains que le peintre a admir\u00e9s dans sa jeunesse. Art Institute of Chicago. Domaine public. Rehauss\u00e9 \u00e0 la main pour un rendu incroyablement proche d&rsquo;un dessin original. Vous pourrez percevoir l&rsquo;intensit\u00e9 et l&rsquo;effet de mati\u00e8re des noirs, des blancs, des couleurs. Exp\u00e9di\u00e9 sous 2-3 jours.<\/p>","protected":false},"excerpt":{"rendered":"<p>Arm and forearm, Charles-Antoine Coypel (1661-1722)<\/p>","protected":false},"featured_media":2110,"template":"","meta":{"_coblocks_attr":"","_coblocks_dimensions":"","_coblocks_responsive_height":"","_coblocks_accordion_ie_support":"","_crdt_document":"","site-sidebar-layout":"default","site-content-layout":"","ast-site-content-layout":"","site-content-style":"default","site-sidebar-style":"default","ast-global-header-display":"","ast-banner-title-visibility":"","ast-main-header-display":"","ast-hfb-above-header-display":"","ast-hfb-below-header-display":"","ast-hfb-mobile-header-display":"","site-post-title":"","ast-breadcrumbs-content":"","ast-featured-img":"","footer-sml-layout":"","theme-transparent-header-meta":"","adv-header-id-meta":"","stick-header-meta":"","header-above-stick-meta":"","header-main-stick-meta":"","header-below-stick-meta":"","astra-migrate-meta-layouts":"default","ast-page-background-enabled":"default","ast-page-background-meta":{"desktop":{"background-color":"","background-image":"","background-repeat":"repeat","background-position":"center center","background-size":"auto","background-attachment":"scroll","background-type":"","background-media":"","overlay-type":"","overlay-color":"","overlay-opacity":"","overlay-gradient":""},"tablet":{"background-color":"","background-image":"","background-repeat":"repeat","background-position":"center center","background-size":"auto","background-attachment":"scroll","background-type":"","background-media":"","overlay-type":"","overlay-color":"","overlay-opacity":"","overlay-gradient":""},"mobile":{"background-color":"","background-image":"","background-repeat":"repeat","background-position":"center center","background-size":"auto","background-attachment":"scroll","background-type":"","background-media":"","overlay-type":"","overlay-color":"","overlay-opacity":"","overlay-gradient":""}},"ast-content-background-meta":{"desktop":{"background-color":"var(--ast-global-color-5)","background-image":"","background-repeat":"repeat","background-position":"center center","background-size":"auto","background-attachment":"scroll","background-type":"","background-media":"","overlay-type":"","overlay-color":"","overlay-opacity":"","overlay-gradient":""},"tablet":{"background-color":"var(--ast-global-color-5)","background-image":"","background-repeat":"repeat","background-position":"center center","background-size":"auto","background-attachment":"scroll","background-type":"","background-media":"","overlay-type":"","overlay-color":"","overlay-opacity":"","overlay-gradient":""},"mobile":{"background-color":"var(--ast-global-color-5)","background-image":"","background-repeat":"repeat","background-position":"center center","background-size":"auto","background-attachment":"scroll","background-type":"","background-media":"","overlay-type":"","overlay-color":"","overlay-opacity":"","overlay-gradient":""}},"jetpack_post_was_ever_published":false,"jetpack_publicize_message":"","jetpack_publicize_feature_enabled":true,"jetpack_social_post_already_shared":true,"jetpack_social_options":{"image_generator_settings":{"template":"highway","default_image_id":0,"font":"","enabled":false},"version":2},"_wpas_customize_per_network":false},"product_brand":[],"product_cat":[6374],"product_tag":[6464,6461,6521,6460,6493],"class_list":{"0":"post-22542","1":"product","2":"type-product","3":"status-publish","4":"has-post-thumbnail","6":"product_cat-18e-siecle","7":"product_tag-18e-siecle","8":"product_tag-baroque","9":"product_tag-charles-antoine-coypel","10":"product_tag-classique","11":"product_tag-rococo","12":"desktop-align-left","13":"tablet-align-left","14":"mobile-align-left","16":"first","17":"instock","18":"shipping-taxable","19":"purchasable","20":"product-type-variable"},"yoast_head":"<!-- This site is optimized with the Yoast SEO plugin v27.3 - https:\/\/yoast.com\/product\/yoast-seo-wordpress\/ -->\n<title>Bras et avant-bras , Charles-Antoine Coypel (1661-1722) - De Main de Ma\u00eetre<\/title>\n<meta name=\"description\" content=\"Reproduction d\u2019\u0153uvre d&#039;art rehauss\u00e9e \u00e0 la main, pour un rendu incroyablement proche du dessin de l&#039;artiste. Objet d\u00e9coration original et de grande qualit\u00e9.\" \/>\n<meta name=\"robots\" content=\"index, follow, max-snippet:-1, max-image-preview:large, max-video-preview:-1\" \/>\n<link rel=\"canonical\" href=\"https:\/\/demaindemaitre.fr\/en\/product\/charles-antoine-coypel-3\/\" \/>\n<meta property=\"og:locale\" content=\"en_US\" \/>\n<meta property=\"og:type\" content=\"article\" \/>\n<meta property=\"og:title\" content=\"Bras et avant-bras , Charles-Antoine Coypel (1661-1722) - De Main de Ma\u00eetre\" \/>\n<meta property=\"og:description\" content=\"Reproduction d\u2019\u0153uvre d&#039;art rehauss\u00e9e \u00e0 la main, pour un rendu incroyablement proche du dessin de l&#039;artiste. Objet d\u00e9coration original et de grande qualit\u00e9.\" \/>\n<meta property=\"og:url\" content=\"https:\/\/demaindemaitre.fr\/en\/product\/charles-antoine-coypel-3\/\" \/>\n<meta property=\"og:site_name\" content=\"De Main de Ma\u00eetre\" \/>\n<meta property=\"article:publisher\" content=\"https:\/\/www.facebook.com\/dmdmdecoration\" \/>\n<meta property=\"article:modified_time\" content=\"2023-09-29T13:42:28+00:00\" \/>\n<meta property=\"og:image\" content=\"https:\/\/i0.wp.com\/demaindemaitre.fr\/wp-content\/uploads\/2021\/09\/267-Antoine-Coypel-Bras-et-avant-bras-3350650153-1653512367949.jpg?fit=929%2C695&ssl=1\" \/>\n\t<meta property=\"og:image:width\" content=\"929\" \/>\n\t<meta property=\"og:image:height\" content=\"695\" \/>\n\t<meta property=\"og:image:type\" content=\"image\/jpeg\" \/>\n<meta name=\"twitter:card\" content=\"summary_large_image\" \/>\n<meta name=\"twitter:site\" content=\"@dmdm_decoration\" \/>\n<meta name=\"twitter:label1\" content=\"Est. reading time\" \/>\n\t<meta name=\"twitter:data1\" content=\"1 minute\" \/>\n<script type=\"application\/ld+json\" class=\"yoast-schema-graph\">{\"@context\":\"https:\\\/\\\/schema.org\",\"@graph\":[{\"@type\":\"WebPage\",\"@id\":\"https:\\\/\\\/demaindemaitre.fr\\\/produit\\\/charles-antoine-coypel-3\\\/\",\"url\":\"https:\\\/\\\/demaindemaitre.fr\\\/produit\\\/charles-antoine-coypel-3\\\/\",\"name\":\"Bras et avant-bras , Charles-Antoine Coypel (1661-1722) - De Main de Ma\u00eetre\",\"isPartOf\":{\"@id\":\"https:\\\/\\\/demaindemaitre.fr\\\/#website\"},\"primaryImageOfPage\":{\"@id\":\"https:\\\/\\\/demaindemaitre.fr\\\/produit\\\/charles-antoine-coypel-3\\\/#primaryimage\"},\"image\":{\"@id\":\"https:\\\/\\\/demaindemaitre.fr\\\/produit\\\/charles-antoine-coypel-3\\\/#primaryimage\"},\"thumbnailUrl\":\"https:\\\/\\\/i0.wp.com\\\/demaindemaitre.fr\\\/wp-content\\\/uploads\\\/2021\\\/09\\\/267-Antoine-Coypel-Bras-et-avant-bras-3350650153-1653512367949.jpg?fit=929%2C695&ssl=1\",\"datePublished\":\"2022-02-16T18:56:41+00:00\",\"dateModified\":\"2023-09-29T13:42:28+00:00\",\"description\":\"Reproduction d\u2019\u0153uvre d'art rehauss\u00e9e \u00e0 la main, pour un rendu incroyablement proche du dessin de l'artiste. Objet d\u00e9coration original et de grande qualit\u00e9.\",\"breadcrumb\":{\"@id\":\"https:\\\/\\\/demaindemaitre.fr\\\/produit\\\/charles-antoine-coypel-3\\\/#breadcrumb\"},\"inLanguage\":\"en-US\",\"potentialAction\":[{\"@type\":\"ReadAction\",\"target\":[\"https:\\\/\\\/demaindemaitre.fr\\\/produit\\\/charles-antoine-coypel-3\\\/\"]}]},{\"@type\":\"ImageObject\",\"inLanguage\":\"en-US\",\"@id\":\"https:\\\/\\\/demaindemaitre.fr\\\/produit\\\/charles-antoine-coypel-3\\\/#primaryimage\",\"url\":\"https:\\\/\\\/i0.wp.com\\\/demaindemaitre.fr\\\/wp-content\\\/uploads\\\/2021\\\/09\\\/267-Antoine-Coypel-Bras-et-avant-bras-3350650153-1653512367949.jpg?fit=929%2C695&ssl=1\",\"contentUrl\":\"https:\\\/\\\/i0.wp.com\\\/demaindemaitre.fr\\\/wp-content\\\/uploads\\\/2021\\\/09\\\/267-Antoine-Coypel-Bras-et-avant-bras-3350650153-1653512367949.jpg?fit=929%2C695&ssl=1\",\"width\":929,\"height\":695},{\"@type\":\"BreadcrumbList\",\"@id\":\"https:\\\/\\\/demaindemaitre.fr\\\/produit\\\/charles-antoine-coypel-3\\\/#breadcrumb\",\"itemListElement\":[{\"@type\":\"ListItem\",\"position\":1,\"name\":\"Accueil\",\"item\":\"https:\\\/\\\/demaindemaitre.fr\\\/\"},{\"@type\":\"ListItem\",\"position\":2,\"name\":\"Collection\",\"item\":\"https:\\\/\\\/demaindemaitre.fr\\\/boutique\\\/\"},{\"@type\":\"ListItem\",\"position\":3,\"name\":\"Charles-Antoine Coypel\"}]},{\"@type\":\"WebSite\",\"@id\":\"https:\\\/\\\/demaindemaitre.fr\\\/#website\",\"url\":\"https:\\\/\\\/demaindemaitre.fr\\\/\",\"name\":\"De Main de Ma\u00eetre\",\"description\":\"Reproductions de dessin d&#039;art rehauss\u00e9es \u00e0 la main\",\"publisher\":{\"@id\":\"https:\\\/\\\/demaindemaitre.fr\\\/#organization\"},\"potentialAction\":[{\"@type\":\"SearchAction\",\"target\":{\"@type\":\"EntryPoint\",\"urlTemplate\":\"https:\\\/\\\/demaindemaitre.fr\\\/?s={search_term_string}\"},\"query-input\":{\"@type\":\"PropertyValueSpecification\",\"valueRequired\":true,\"valueName\":\"search_term_string\"}}],\"inLanguage\":\"en-US\"},{\"@type\":\"Organization\",\"@id\":\"https:\\\/\\\/demaindemaitre.fr\\\/#organization\",\"name\":\"De Main de Ma\u00eetre\",\"url\":\"https:\\\/\\\/demaindemaitre.fr\\\/\",\"logo\":{\"@type\":\"ImageObject\",\"inLanguage\":\"en-US\",\"@id\":\"https:\\\/\\\/demaindemaitre.fr\\\/#\\\/schema\\\/logo\\\/image\\\/\",\"url\":\"https:\\\/\\\/i0.wp.com\\\/demaindemaitre.fr\\\/wp-content\\\/uploads\\\/2022\\\/12\\\/cropped-logo-Red.png?fit=1307%2C1307&ssl=1\",\"contentUrl\":\"https:\\\/\\\/i0.wp.com\\\/demaindemaitre.fr\\\/wp-content\\\/uploads\\\/2022\\\/12\\\/cropped-logo-Red.png?fit=1307%2C1307&ssl=1\",\"width\":1307,\"height\":1307,\"caption\":\"De Main de Ma\u00eetre\"},\"image\":{\"@id\":\"https:\\\/\\\/demaindemaitre.fr\\\/#\\\/schema\\\/logo\\\/image\\\/\"},\"sameAs\":[\"https:\\\/\\\/www.facebook.com\\\/dmdmdecoration\",\"https:\\\/\\\/x.com\\\/dmdm_decoration\",\"https:\\\/\\\/www.instagram.com\\\/de_main_de_maitre\\\/\",\"https:\\\/\\\/www.pinterest.fr\\\/dmdmdrawing\\\/\",\"https:\\\/\\\/www.tumblr.com\\\/demaindemaitre\"]}]}<\/script>\n<!-- \/ Yoast SEO plugin. -->","yoast_head_json":{"title":"Bras et avant-bras , Charles-Antoine Coypel (1661-1722) - De Main de Ma\u00eetre","description":"Reproduction d\u2019\u0153uvre d'art rehauss\u00e9e \u00e0 la main, pour un rendu incroyablement proche du dessin de l'artiste. Objet d\u00e9coration original et de grande qualit\u00e9.","robots":{"index":"index","follow":"follow","max-snippet":"max-snippet:-1","max-image-preview":"max-image-preview:large","max-video-preview":"max-video-preview:-1"},"canonical":"https:\/\/demaindemaitre.fr\/en\/product\/charles-antoine-coypel-3\/","og_locale":"en_US","og_type":"article","og_title":"Bras et avant-bras , Charles-Antoine Coypel (1661-1722) - De Main de Ma\u00eetre","og_description":"Reproduction d\u2019\u0153uvre d'art rehauss\u00e9e \u00e0 la main, pour un rendu incroyablement proche du dessin de l'artiste. Objet d\u00e9coration original et de grande qualit\u00e9.","og_url":"https:\/\/demaindemaitre.fr\/en\/product\/charles-antoine-coypel-3\/","og_site_name":"De Main de Ma\u00eetre","article_publisher":"https:\/\/www.facebook.com\/dmdmdecoration","article_modified_time":"2023-09-29T13:42:28+00:00","og_image":[{"width":929,"height":695,"url":"https:\/\/i0.wp.com\/demaindemaitre.fr\/wp-content\/uploads\/2021\/09\/267-Antoine-Coypel-Bras-et-avant-bras-3350650153-1653512367949.jpg?fit=929%2C695&ssl=1","type":"image\/jpeg"}],"twitter_card":"summary_large_image","twitter_site":"@dmdm_decoration","twitter_misc":{"Est. reading time":"1 minute"},"schema":{"@context":"https:\/\/schema.org","@graph":[{"@type":"WebPage","@id":"https:\/\/demaindemaitre.fr\/produit\/charles-antoine-coypel-3\/","url":"https:\/\/demaindemaitre.fr\/produit\/charles-antoine-coypel-3\/","name":"Bras et avant-bras , Charles-Antoine Coypel (1661-1722) - De Main de Ma\u00eetre","isPartOf":{"@id":"https:\/\/demaindemaitre.fr\/#website"},"primaryImageOfPage":{"@id":"https:\/\/demaindemaitre.fr\/produit\/charles-antoine-coypel-3\/#primaryimage"},"image":{"@id":"https:\/\/demaindemaitre.fr\/produit\/charles-antoine-coypel-3\/#primaryimage"},"thumbnailUrl":"https:\/\/i0.wp.com\/demaindemaitre.fr\/wp-content\/uploads\/2021\/09\/267-Antoine-Coypel-Bras-et-avant-bras-3350650153-1653512367949.jpg?fit=929%2C695&ssl=1","datePublished":"2022-02-16T18:56:41+00:00","dateModified":"2023-09-29T13:42:28+00:00","description":"Reproduction d\u2019\u0153uvre d'art rehauss\u00e9e \u00e0 la main, pour un rendu incroyablement proche du dessin de l'artiste. Objet d\u00e9coration original et de grande qualit\u00e9.","breadcrumb":{"@id":"https:\/\/demaindemaitre.fr\/produit\/charles-antoine-coypel-3\/#breadcrumb"},"inLanguage":"en-US","potentialAction":[{"@type":"ReadAction","target":["https:\/\/demaindemaitre.fr\/produit\/charles-antoine-coypel-3\/"]}]},{"@type":"ImageObject","inLanguage":"en-US","@id":"https:\/\/demaindemaitre.fr\/produit\/charles-antoine-coypel-3\/#primaryimage","url":"https:\/\/i0.wp.com\/demaindemaitre.fr\/wp-content\/uploads\/2021\/09\/267-Antoine-Coypel-Bras-et-avant-bras-3350650153-1653512367949.jpg?fit=929%2C695&ssl=1","contentUrl":"https:\/\/i0.wp.com\/demaindemaitre.fr\/wp-content\/uploads\/2021\/09\/267-Antoine-Coypel-Bras-et-avant-bras-3350650153-1653512367949.jpg?fit=929%2C695&ssl=1","width":929,"height":695},{"@type":"BreadcrumbList","@id":"https:\/\/demaindemaitre.fr\/produit\/charles-antoine-coypel-3\/#breadcrumb","itemListElement":[{"@type":"ListItem","position":1,"name":"Accueil","item":"https:\/\/demaindemaitre.fr\/"},{"@type":"ListItem","position":2,"name":"Collection","item":"https:\/\/demaindemaitre.fr\/boutique\/"},{"@type":"ListItem","position":3,"name":"Charles-Antoine Coypel"}]},{"@type":"WebSite","@id":"https:\/\/demaindemaitre.fr\/#website","url":"https:\/\/demaindemaitre.fr\/","name":"De Main de Ma\u00eetre","description":"Reproductions de dessin d&#039;art rehauss\u00e9es \u00e0 la main","publisher":{"@id":"https:\/\/demaindemaitre.fr\/#organization"},"potentialAction":[{"@type":"SearchAction","target":{"@type":"EntryPoint","urlTemplate":"https:\/\/demaindemaitre.fr\/?s={search_term_string}"},"query-input":{"@type":"PropertyValueSpecification","valueRequired":true,"valueName":"search_term_string"}}],"inLanguage":"en-US"},{"@type":"Organization","@id":"https:\/\/demaindemaitre.fr\/#organization","name":"De Main de Ma\u00eetre","url":"https:\/\/demaindemaitre.fr\/","logo":{"@type":"ImageObject","inLanguage":"en-US","@id":"https:\/\/demaindemaitre.fr\/#\/schema\/logo\/image\/","url":"https:\/\/i0.wp.com\/demaindemaitre.fr\/wp-content\/uploads\/2022\/12\/cropped-logo-Red.png?fit=1307%2C1307&ssl=1","contentUrl":"https:\/\/i0.wp.com\/demaindemaitre.fr\/wp-content\/uploads\/2022\/12\/cropped-logo-Red.png?fit=1307%2C1307&ssl=1","width":1307,"height":1307,"caption":"De Main de Ma\u00eetre"},"image":{"@id":"https:\/\/demaindemaitre.fr\/#\/schema\/logo\/image\/"},"sameAs":["https:\/\/www.facebook.com\/dmdmdecoration","https:\/\/x.com\/dmdm_decoration","https:\/\/www.instagram.com\/de_main_de_maitre\/","https:\/\/www.pinterest.fr\/dmdmdrawing\/","https:\/\/www.tumblr.com\/demaindemaitre"]}]}},"jetpack_publicize_connections":[],"jetpack_likes_enabled":false,"jetpack_sharing_enabled":true,"_links":{"self":[{"href":"https:\/\/demaindemaitre.fr\/en\/wp-json\/wp\/v2\/product\/22542","targetHints":{"allow":["GET"]}}],"collection":[{"href":"https:\/\/demaindemaitre.fr\/en\/wp-json\/wp\/v2\/product"}],"about":[{"href":"https:\/\/demaindemaitre.fr\/en\/wp-json\/wp\/v2\/types\/product"}],"wp:featuredmedia":[{"embeddable":true,"href":"https:\/\/demaindemaitre.fr\/en\/wp-json\/wp\/v2\/media\/2110"}],"wp:attachment":[{"href":"https:\/\/demaindemaitre.fr\/en\/wp-json\/wp\/v2\/media?parent=22542"}],"wp:term":[{"taxonomy":"product_brand","embeddable":true,"href":"https:\/\/demaindemaitre.fr\/en\/wp-json\/wp\/v2\/product_brand?post=22542"},{"taxonomy":"product_cat","embeddable":true,"href":"https:\/\/demaindemaitre.fr\/en\/wp-json\/wp\/v2\/product_cat?post=22542"},{"taxonomy":"product_tag","embeddable":true,"href":"https:\/\/demaindemaitre.fr\/en\/wp-json\/wp\/v2\/product_tag?post=22542"}],"curies":[{"name":"wp","href":"https:\/\/api.w.org\/{rel}","templated":true}]}}