{"id":22909,"date":"2022-02-16T19:58:55","date_gmt":"2022-02-16T18:58:55","guid":{"rendered":"https:\/\/demaindemaitre.fr\/produit\/goyo-hashigushi\/"},"modified":"2023-09-29T15:43:20","modified_gmt":"2023-09-29T13:43:20","slug":"goyo-hashigushi","status":"publish","type":"product","link":"https:\/\/demaindemaitre.fr\/en\/product\/goyo-hashigushi\/","title":{"rendered":"Goyo hashigushi"},"content":{"rendered":"<p>Hashiguchi Kiyoshi est n\u00e9 en 1880 \u00e0\u00a0Kagoshima. Son p\u00e8re, Hashiguchi Kanemizu, \u00e9tait samoura\u00ef et peintre amateur dans le style\u00a0Shijo. Ce dernier embaucha un professeur de peinture\u00a0Kano\u00a0en 1899 lorsque Kiyoshi eut dix ans. Kiyoshi int\u00e9gra ensuite l&rsquo;\u00c9cole des Beaux Arts de Tokyo, dont il sortit dipl\u00f4m\u00e9, major de sa classe, en 1905. C&rsquo;est alors qu&rsquo;il choisit le pseudonyme\u00a0Goyo, en r\u00e9f\u00e9rence aux cinq\u00a0pins aiguilles\u00a0du jardin de son p\u00e8re, qu&rsquo;il affectionnait particuli\u00e8rement. Walters Art Museum. Domaine public. Rehauss\u00e9 \u00e0 la main pour un rendu incroyablement proche d&rsquo;un dessin original. Vous pourrez percevoir l&rsquo;intensit\u00e9 et l&rsquo;effet de mati\u00e8re des noirs, des blancs, des couleurs. Exp\u00e9di\u00e9 sous 2-3 jours.<\/p>","protected":false},"excerpt":{"rendered":"<p>Portrait of a woman, Goyo Hashiguishi (1880-1921)<\/p>","protected":false},"featured_media":2495,"template":"","meta":{"_coblocks_attr":"","_coblocks_dimensions":"","_coblocks_responsive_height":"","_coblocks_accordion_ie_support":"","_crdt_document":"","site-sidebar-layout":"default","site-content-layout":"","ast-site-content-layout":"","site-content-style":"default","site-sidebar-style":"default","ast-global-header-display":"","ast-banner-title-visibility":"","ast-main-header-display":"","ast-hfb-above-header-display":"","ast-hfb-below-header-display":"","ast-hfb-mobile-header-display":"","site-post-title":"","ast-breadcrumbs-content":"","ast-featured-img":"","footer-sml-layout":"","theme-transparent-header-meta":"","adv-header-id-meta":"","stick-header-meta":"","header-above-stick-meta":"","header-main-stick-meta":"","header-below-stick-meta":"","astra-migrate-meta-layouts":"default","ast-page-background-enabled":"default","ast-page-background-meta":{"desktop":{"background-color":"","background-image":"","background-repeat":"repeat","background-position":"center center","background-size":"auto","background-attachment":"scroll","background-type":"","background-media":"","overlay-type":"","overlay-color":"","overlay-opacity":"","overlay-gradient":""},"tablet":{"background-color":"","background-image":"","background-repeat":"repeat","background-position":"center center","background-size":"auto","background-attachment":"scroll","background-type":"","background-media":"","overlay-type":"","overlay-color":"","overlay-opacity":"","overlay-gradient":""},"mobile":{"background-color":"","background-image":"","background-repeat":"repeat","background-position":"center center","background-size":"auto","background-attachment":"scroll","background-type":"","background-media":"","overlay-type":"","overlay-color":"","overlay-opacity":"","overlay-gradient":""}},"ast-content-background-meta":{"desktop":{"background-color":"var(--ast-global-color-5)","background-image":"","background-repeat":"repeat","background-position":"center center","background-size":"auto","background-attachment":"scroll","background-type":"","background-media":"","overlay-type":"","overlay-color":"","overlay-opacity":"","overlay-gradient":""},"tablet":{"background-color":"var(--ast-global-color-5)","background-image":"","background-repeat":"repeat","background-position":"center center","background-size":"auto","background-attachment":"scroll","background-type":"","background-media":"","overlay-type":"","overlay-color":"","overlay-opacity":"","overlay-gradient":""},"mobile":{"background-color":"var(--ast-global-color-5)","background-image":"","background-repeat":"repeat","background-position":"center center","background-size":"auto","background-attachment":"scroll","background-type":"","background-media":"","overlay-type":"","overlay-color":"","overlay-opacity":"","overlay-gradient":""}},"jetpack_post_was_ever_published":false,"jetpack_publicize_message":"","jetpack_publicize_feature_enabled":true,"jetpack_social_post_already_shared":true,"jetpack_social_options":{"image_generator_settings":{"template":"highway","default_image_id":0,"font":"","enabled":false},"version":2},"_wpas_customize_per_network":false},"product_brand":[],"product_cat":[6383],"product_tag":[6488,6779,6453,6480,6455],"class_list":{"0":"post-22909","1":"product","2":"type-product","3":"status-publish","4":"has-post-thumbnail","6":"product_cat-20e-siecle","7":"product_tag-20e-siecle","8":"product_tag-goyo-hashigushi","9":"product_tag-moderne","10":"product_tag-orientalisme","11":"product_tag-portrait","12":"desktop-align-left","13":"tablet-align-left","14":"mobile-align-left","16":"first","17":"instock","18":"shipping-taxable","19":"purchasable","20":"product-type-variable"},"yoast_head":"<!-- This site is optimized with the Yoast SEO plugin v27.3 - https:\/\/yoast.com\/product\/yoast-seo-wordpress\/ -->\n<title>Portrait de femme, Goyo Hashiguishi (1880-1921) - De Main de Ma\u00eetre<\/title>\n<meta name=\"description\" content=\"Reproduction d\u2019\u0153uvre d&#039;art rehauss\u00e9e \u00e0 la main, pour un rendu incroyablement proche du dessin de l&#039;artiste. Objet d\u00e9coration original et de grande qualit\u00e9.\" \/>\n<meta name=\"robots\" content=\"index, follow, max-snippet:-1, max-image-preview:large, max-video-preview:-1\" \/>\n<link rel=\"canonical\" href=\"https:\/\/demaindemaitre.fr\/en\/product\/goyo-hashigushi\/\" \/>\n<meta property=\"og:locale\" content=\"en_US\" \/>\n<meta property=\"og:type\" content=\"article\" \/>\n<meta property=\"og:title\" content=\"Portrait de femme, Goyo Hashiguishi (1880-1921) - De Main de Ma\u00eetre\" \/>\n<meta property=\"og:description\" content=\"Reproduction d\u2019\u0153uvre d&#039;art rehauss\u00e9e \u00e0 la main, pour un rendu incroyablement proche du dessin de l&#039;artiste. Objet d\u00e9coration original et de grande qualit\u00e9.\" \/>\n<meta property=\"og:url\" content=\"https:\/\/demaindemaitre.fr\/en\/product\/goyo-hashigushi\/\" \/>\n<meta property=\"og:site_name\" content=\"De Main de Ma\u00eetre\" \/>\n<meta property=\"article:publisher\" content=\"https:\/\/www.facebook.com\/dmdmdecoration\" \/>\n<meta property=\"article:modified_time\" content=\"2023-09-29T13:43:20+00:00\" \/>\n<meta property=\"og:image\" content=\"https:\/\/i0.wp.com\/demaindemaitre.fr\/wp-content\/uploads\/2021\/09\/694-Goyo-hashigushi-Portrait-de-femme.jpg?fit=471%2C768&ssl=1\" \/>\n\t<meta property=\"og:image:width\" content=\"471\" \/>\n\t<meta property=\"og:image:height\" content=\"768\" \/>\n\t<meta property=\"og:image:type\" content=\"image\/jpeg\" \/>\n<meta name=\"twitter:card\" content=\"summary_large_image\" \/>\n<meta name=\"twitter:site\" content=\"@dmdm_decoration\" \/>\n<meta name=\"twitter:label1\" content=\"Est. reading time\" \/>\n\t<meta name=\"twitter:data1\" content=\"1 minute\" \/>\n<script type=\"application\/ld+json\" class=\"yoast-schema-graph\">{\"@context\":\"https:\\\/\\\/schema.org\",\"@graph\":[{\"@type\":\"WebPage\",\"@id\":\"https:\\\/\\\/demaindemaitre.fr\\\/produit\\\/goyo-hashigushi\\\/\",\"url\":\"https:\\\/\\\/demaindemaitre.fr\\\/produit\\\/goyo-hashigushi\\\/\",\"name\":\"Portrait de femme, Goyo Hashiguishi (1880-1921) - De Main de Ma\u00eetre\",\"isPartOf\":{\"@id\":\"https:\\\/\\\/demaindemaitre.fr\\\/#website\"},\"primaryImageOfPage\":{\"@id\":\"https:\\\/\\\/demaindemaitre.fr\\\/produit\\\/goyo-hashigushi\\\/#primaryimage\"},\"image\":{\"@id\":\"https:\\\/\\\/demaindemaitre.fr\\\/produit\\\/goyo-hashigushi\\\/#primaryimage\"},\"thumbnailUrl\":\"https:\\\/\\\/i0.wp.com\\\/demaindemaitre.fr\\\/wp-content\\\/uploads\\\/2021\\\/09\\\/694-Goyo-hashigushi-Portrait-de-femme.jpg?fit=471%2C768&ssl=1\",\"datePublished\":\"2022-02-16T18:58:55+00:00\",\"dateModified\":\"2023-09-29T13:43:20+00:00\",\"description\":\"Reproduction d\u2019\u0153uvre d'art rehauss\u00e9e \u00e0 la main, pour un rendu incroyablement proche du dessin de l'artiste. Objet d\u00e9coration original et de grande qualit\u00e9.\",\"breadcrumb\":{\"@id\":\"https:\\\/\\\/demaindemaitre.fr\\\/produit\\\/goyo-hashigushi\\\/#breadcrumb\"},\"inLanguage\":\"en-US\",\"potentialAction\":[{\"@type\":\"ReadAction\",\"target\":[\"https:\\\/\\\/demaindemaitre.fr\\\/produit\\\/goyo-hashigushi\\\/\"]}]},{\"@type\":\"ImageObject\",\"inLanguage\":\"en-US\",\"@id\":\"https:\\\/\\\/demaindemaitre.fr\\\/produit\\\/goyo-hashigushi\\\/#primaryimage\",\"url\":\"https:\\\/\\\/i0.wp.com\\\/demaindemaitre.fr\\\/wp-content\\\/uploads\\\/2021\\\/09\\\/694-Goyo-hashigushi-Portrait-de-femme.jpg?fit=471%2C768&ssl=1\",\"contentUrl\":\"https:\\\/\\\/i0.wp.com\\\/demaindemaitre.fr\\\/wp-content\\\/uploads\\\/2021\\\/09\\\/694-Goyo-hashigushi-Portrait-de-femme.jpg?fit=471%2C768&ssl=1\",\"width\":471,\"height\":768},{\"@type\":\"BreadcrumbList\",\"@id\":\"https:\\\/\\\/demaindemaitre.fr\\\/produit\\\/goyo-hashigushi\\\/#breadcrumb\",\"itemListElement\":[{\"@type\":\"ListItem\",\"position\":1,\"name\":\"Accueil\",\"item\":\"https:\\\/\\\/demaindemaitre.fr\\\/\"},{\"@type\":\"ListItem\",\"position\":2,\"name\":\"Collection\",\"item\":\"https:\\\/\\\/demaindemaitre.fr\\\/boutique\\\/\"},{\"@type\":\"ListItem\",\"position\":3,\"name\":\"Goyo hashigushi\"}]},{\"@type\":\"WebSite\",\"@id\":\"https:\\\/\\\/demaindemaitre.fr\\\/#website\",\"url\":\"https:\\\/\\\/demaindemaitre.fr\\\/\",\"name\":\"De Main de Ma\u00eetre\",\"description\":\"Reproductions de dessin d&#039;art rehauss\u00e9es \u00e0 la main\",\"publisher\":{\"@id\":\"https:\\\/\\\/demaindemaitre.fr\\\/#organization\"},\"potentialAction\":[{\"@type\":\"SearchAction\",\"target\":{\"@type\":\"EntryPoint\",\"urlTemplate\":\"https:\\\/\\\/demaindemaitre.fr\\\/?s={search_term_string}\"},\"query-input\":{\"@type\":\"PropertyValueSpecification\",\"valueRequired\":true,\"valueName\":\"search_term_string\"}}],\"inLanguage\":\"en-US\"},{\"@type\":\"Organization\",\"@id\":\"https:\\\/\\\/demaindemaitre.fr\\\/#organization\",\"name\":\"De Main de Ma\u00eetre\",\"url\":\"https:\\\/\\\/demaindemaitre.fr\\\/\",\"logo\":{\"@type\":\"ImageObject\",\"inLanguage\":\"en-US\",\"@id\":\"https:\\\/\\\/demaindemaitre.fr\\\/#\\\/schema\\\/logo\\\/image\\\/\",\"url\":\"https:\\\/\\\/i0.wp.com\\\/demaindemaitre.fr\\\/wp-content\\\/uploads\\\/2022\\\/12\\\/cropped-logo-Red.png?fit=1307%2C1307&ssl=1\",\"contentUrl\":\"https:\\\/\\\/i0.wp.com\\\/demaindemaitre.fr\\\/wp-content\\\/uploads\\\/2022\\\/12\\\/cropped-logo-Red.png?fit=1307%2C1307&ssl=1\",\"width\":1307,\"height\":1307,\"caption\":\"De Main de Ma\u00eetre\"},\"image\":{\"@id\":\"https:\\\/\\\/demaindemaitre.fr\\\/#\\\/schema\\\/logo\\\/image\\\/\"},\"sameAs\":[\"https:\\\/\\\/www.facebook.com\\\/dmdmdecoration\",\"https:\\\/\\\/x.com\\\/dmdm_decoration\",\"https:\\\/\\\/www.instagram.com\\\/de_main_de_maitre\\\/\",\"https:\\\/\\\/www.pinterest.fr\\\/dmdmdrawing\\\/\",\"https:\\\/\\\/www.tumblr.com\\\/demaindemaitre\"]}]}<\/script>\n<!-- \/ Yoast SEO plugin. -->","yoast_head_json":{"title":"Portrait de femme, Goyo Hashiguishi (1880-1921) - De Main de Ma\u00eetre","description":"Reproduction d\u2019\u0153uvre d'art rehauss\u00e9e \u00e0 la main, pour un rendu incroyablement proche du dessin de l'artiste. Objet d\u00e9coration original et de grande qualit\u00e9.","robots":{"index":"index","follow":"follow","max-snippet":"max-snippet:-1","max-image-preview":"max-image-preview:large","max-video-preview":"max-video-preview:-1"},"canonical":"https:\/\/demaindemaitre.fr\/en\/product\/goyo-hashigushi\/","og_locale":"en_US","og_type":"article","og_title":"Portrait de femme, Goyo Hashiguishi (1880-1921) - De Main de Ma\u00eetre","og_description":"Reproduction d\u2019\u0153uvre d'art rehauss\u00e9e \u00e0 la main, pour un rendu incroyablement proche du dessin de l'artiste. Objet d\u00e9coration original et de grande qualit\u00e9.","og_url":"https:\/\/demaindemaitre.fr\/en\/product\/goyo-hashigushi\/","og_site_name":"De Main de Ma\u00eetre","article_publisher":"https:\/\/www.facebook.com\/dmdmdecoration","article_modified_time":"2023-09-29T13:43:20+00:00","og_image":[{"width":471,"height":768,"url":"https:\/\/i0.wp.com\/demaindemaitre.fr\/wp-content\/uploads\/2021\/09\/694-Goyo-hashigushi-Portrait-de-femme.jpg?fit=471%2C768&ssl=1","type":"image\/jpeg"}],"twitter_card":"summary_large_image","twitter_site":"@dmdm_decoration","twitter_misc":{"Est. reading time":"1 minute"},"schema":{"@context":"https:\/\/schema.org","@graph":[{"@type":"WebPage","@id":"https:\/\/demaindemaitre.fr\/produit\/goyo-hashigushi\/","url":"https:\/\/demaindemaitre.fr\/produit\/goyo-hashigushi\/","name":"Portrait de femme, Goyo Hashiguishi (1880-1921) - De Main de Ma\u00eetre","isPartOf":{"@id":"https:\/\/demaindemaitre.fr\/#website"},"primaryImageOfPage":{"@id":"https:\/\/demaindemaitre.fr\/produit\/goyo-hashigushi\/#primaryimage"},"image":{"@id":"https:\/\/demaindemaitre.fr\/produit\/goyo-hashigushi\/#primaryimage"},"thumbnailUrl":"https:\/\/i0.wp.com\/demaindemaitre.fr\/wp-content\/uploads\/2021\/09\/694-Goyo-hashigushi-Portrait-de-femme.jpg?fit=471%2C768&ssl=1","datePublished":"2022-02-16T18:58:55+00:00","dateModified":"2023-09-29T13:43:20+00:00","description":"Reproduction d\u2019\u0153uvre d'art rehauss\u00e9e \u00e0 la main, pour un rendu incroyablement proche du dessin de l'artiste. Objet d\u00e9coration original et de grande qualit\u00e9.","breadcrumb":{"@id":"https:\/\/demaindemaitre.fr\/produit\/goyo-hashigushi\/#breadcrumb"},"inLanguage":"en-US","potentialAction":[{"@type":"ReadAction","target":["https:\/\/demaindemaitre.fr\/produit\/goyo-hashigushi\/"]}]},{"@type":"ImageObject","inLanguage":"en-US","@id":"https:\/\/demaindemaitre.fr\/produit\/goyo-hashigushi\/#primaryimage","url":"https:\/\/i0.wp.com\/demaindemaitre.fr\/wp-content\/uploads\/2021\/09\/694-Goyo-hashigushi-Portrait-de-femme.jpg?fit=471%2C768&ssl=1","contentUrl":"https:\/\/i0.wp.com\/demaindemaitre.fr\/wp-content\/uploads\/2021\/09\/694-Goyo-hashigushi-Portrait-de-femme.jpg?fit=471%2C768&ssl=1","width":471,"height":768},{"@type":"BreadcrumbList","@id":"https:\/\/demaindemaitre.fr\/produit\/goyo-hashigushi\/#breadcrumb","itemListElement":[{"@type":"ListItem","position":1,"name":"Accueil","item":"https:\/\/demaindemaitre.fr\/"},{"@type":"ListItem","position":2,"name":"Collection","item":"https:\/\/demaindemaitre.fr\/boutique\/"},{"@type":"ListItem","position":3,"name":"Goyo hashigushi"}]},{"@type":"WebSite","@id":"https:\/\/demaindemaitre.fr\/#website","url":"https:\/\/demaindemaitre.fr\/","name":"De Main de Ma\u00eetre","description":"Reproductions de dessin d&#039;art rehauss\u00e9es \u00e0 la main","publisher":{"@id":"https:\/\/demaindemaitre.fr\/#organization"},"potentialAction":[{"@type":"SearchAction","target":{"@type":"EntryPoint","urlTemplate":"https:\/\/demaindemaitre.fr\/?s={search_term_string}"},"query-input":{"@type":"PropertyValueSpecification","valueRequired":true,"valueName":"search_term_string"}}],"inLanguage":"en-US"},{"@type":"Organization","@id":"https:\/\/demaindemaitre.fr\/#organization","name":"De Main de Ma\u00eetre","url":"https:\/\/demaindemaitre.fr\/","logo":{"@type":"ImageObject","inLanguage":"en-US","@id":"https:\/\/demaindemaitre.fr\/#\/schema\/logo\/image\/","url":"https:\/\/i0.wp.com\/demaindemaitre.fr\/wp-content\/uploads\/2022\/12\/cropped-logo-Red.png?fit=1307%2C1307&ssl=1","contentUrl":"https:\/\/i0.wp.com\/demaindemaitre.fr\/wp-content\/uploads\/2022\/12\/cropped-logo-Red.png?fit=1307%2C1307&ssl=1","width":1307,"height":1307,"caption":"De Main de Ma\u00eetre"},"image":{"@id":"https:\/\/demaindemaitre.fr\/#\/schema\/logo\/image\/"},"sameAs":["https:\/\/www.facebook.com\/dmdmdecoration","https:\/\/x.com\/dmdm_decoration","https:\/\/www.instagram.com\/de_main_de_maitre\/","https:\/\/www.pinterest.fr\/dmdmdrawing\/","https:\/\/www.tumblr.com\/demaindemaitre"]}]}},"jetpack_publicize_connections":[],"jetpack_likes_enabled":false,"jetpack_sharing_enabled":true,"_links":{"self":[{"href":"https:\/\/demaindemaitre.fr\/en\/wp-json\/wp\/v2\/product\/22909","targetHints":{"allow":["GET"]}}],"collection":[{"href":"https:\/\/demaindemaitre.fr\/en\/wp-json\/wp\/v2\/product"}],"about":[{"href":"https:\/\/demaindemaitre.fr\/en\/wp-json\/wp\/v2\/types\/product"}],"wp:featuredmedia":[{"embeddable":true,"href":"https:\/\/demaindemaitre.fr\/en\/wp-json\/wp\/v2\/media\/2495"}],"wp:attachment":[{"href":"https:\/\/demaindemaitre.fr\/en\/wp-json\/wp\/v2\/media?parent=22909"}],"wp:term":[{"taxonomy":"product_brand","embeddable":true,"href":"https:\/\/demaindemaitre.fr\/en\/wp-json\/wp\/v2\/product_brand?post=22909"},{"taxonomy":"product_cat","embeddable":true,"href":"https:\/\/demaindemaitre.fr\/en\/wp-json\/wp\/v2\/product_cat?post=22909"},{"taxonomy":"product_tag","embeddable":true,"href":"https:\/\/demaindemaitre.fr\/en\/wp-json\/wp\/v2\/product_tag?post=22909"}],"curies":[{"name":"wp","href":"https:\/\/api.w.org\/{rel}","templated":true}]}}