{"id":35848,"date":"2023-10-25T11:16:00","date_gmt":"2023-10-25T09:16:00","guid":{"rendered":"https:\/\/demaindemaitre.fr\/produit\/elisabeth-vigee-lebrun-3\/"},"modified":"2023-10-26T16:48:12","modified_gmt":"2023-10-26T14:48:12","slug":"elisabeth-vigee-lebrun-3","status":"publish","type":"product","link":"https:\/\/demaindemaitre.fr\/en\/product\/elisabeth-vigee-lebrun-3\/","title":{"rendered":"Elisabeth Vig\u00e9e-Lebrun"},"content":{"rendered":"<p>\u00c9lisabeth Vig\u00e9e Le Brun, n\u00e9e le 16 avril 1755 \u00e0 Paris, et morte dans la m\u00eame ville le 30 mars 1842, est une artiste peintre fran\u00e7aise, consid\u00e9r\u00e9e comme une grande portraitiste de son temps.Domaine public. Rehauss\u00e9 \u00e0 la main pour un rendu incroyablement proche d&rsquo;un dessin original. Vous pourrez percevoir l&rsquo;intensit\u00e9 et l&rsquo;effet de mati\u00e8re des noirs, des blancs, des couleurs. Expedi\u00e9 sous 2-3 jours. Albertina Museum, Vienna.<\/p>","protected":false},"excerpt":{"rendered":"<p>Portrait de femme<\/p>","protected":false},"featured_media":34805,"template":"","meta":{"_coblocks_attr":"","_coblocks_dimensions":"","_coblocks_responsive_height":"","_coblocks_accordion_ie_support":"","_crdt_document":"","site-sidebar-layout":"default","site-content-layout":"","ast-site-content-layout":"","site-content-style":"default","site-sidebar-style":"default","ast-global-header-display":"","ast-banner-title-visibility":"","ast-main-header-display":"","ast-hfb-above-header-display":"","ast-hfb-below-header-display":"","ast-hfb-mobile-header-display":"","site-post-title":"","ast-breadcrumbs-content":"","ast-featured-img":"","footer-sml-layout":"","theme-transparent-header-meta":"","adv-header-id-meta":"","stick-header-meta":"","header-above-stick-meta":"","header-main-stick-meta":"","header-below-stick-meta":"","astra-migrate-meta-layouts":"default","ast-page-background-enabled":"default","ast-page-background-meta":{"desktop":{"background-color":"","background-image":"","background-repeat":"repeat","background-position":"center center","background-size":"auto","background-attachment":"scroll","background-type":"","background-media":"","overlay-type":"","overlay-color":"","overlay-opacity":"","overlay-gradient":""},"tablet":{"background-color":"","background-image":"","background-repeat":"repeat","background-position":"center center","background-size":"auto","background-attachment":"scroll","background-type":"","background-media":"","overlay-type":"","overlay-color":"","overlay-opacity":"","overlay-gradient":""},"mobile":{"background-color":"","background-image":"","background-repeat":"repeat","background-position":"center center","background-size":"auto","background-attachment":"scroll","background-type":"","background-media":"","overlay-type":"","overlay-color":"","overlay-opacity":"","overlay-gradient":""}},"ast-content-background-meta":{"desktop":{"background-color":"var(--ast-global-color-5)","background-image":"","background-repeat":"repeat","background-position":"center center","background-size":"auto","background-attachment":"scroll","background-type":"","background-media":"","overlay-type":"","overlay-color":"","overlay-opacity":"","overlay-gradient":""},"tablet":{"background-color":"var(--ast-global-color-5)","background-image":"","background-repeat":"repeat","background-position":"center center","background-size":"auto","background-attachment":"scroll","background-type":"","background-media":"","overlay-type":"","overlay-color":"","overlay-opacity":"","overlay-gradient":""},"mobile":{"background-color":"var(--ast-global-color-5)","background-image":"","background-repeat":"repeat","background-position":"center center","background-size":"auto","background-attachment":"scroll","background-type":"","background-media":"","overlay-type":"","overlay-color":"","overlay-opacity":"","overlay-gradient":""}},"jetpack_publicize_message":"","jetpack_publicize_feature_enabled":true,"jetpack_social_post_already_shared":true,"jetpack_social_options":{"image_generator_settings":{"template":"highway","default_image_id":0,"font":"","enabled":false},"version":2},"_wpas_customize_per_network":false},"product_brand":[],"product_cat":[6371],"product_tag":[6452,7496,7498,7937,6455],"class_list":{"0":"post-35848","1":"product","2":"type-product","3":"status-publish","4":"has-post-thumbnail","6":"product_cat-19e-siecle","7":"product_tag-19e-siecle","8":"product_tag-classicisme","9":"product_tag-elisabeth-vigee-lebrun-2","10":"product_tag-femme","11":"product_tag-portrait","12":"desktop-align-left","13":"tablet-align-left","14":"mobile-align-left","16":"first","17":"instock","18":"shipping-taxable","19":"purchasable","20":"product-type-variable"},"yoast_head":"<!-- This site is optimized with the Yoast SEO plugin v27.6 - https:\/\/yoast.com\/product\/yoast-seo-wordpress\/ -->\n<title>Portrait de femme - De Main de Ma\u00eetre<\/title>\n<meta name=\"description\" content=\"Reproduction d\u2019\u0153uvre d&#039;art rehauss\u00e9e \u00e0 la main, pour un rendu incroyablement proche du dessin de l&#039;artiste. Objet d\u00e9coration original et de grande qualit\u00e9.\" \/>\n<meta name=\"robots\" content=\"index, follow, max-snippet:-1, max-image-preview:large, max-video-preview:-1\" \/>\n<link rel=\"canonical\" href=\"https:\/\/demaindemaitre.fr\/en\/product\/elisabeth-vigee-lebrun-3\/\" \/>\n<meta property=\"og:locale\" content=\"en_US\" \/>\n<meta property=\"og:type\" content=\"article\" \/>\n<meta property=\"og:title\" content=\"Portrait de femme - De Main de Ma\u00eetre\" \/>\n<meta property=\"og:description\" content=\"Reproduction d\u2019\u0153uvre d&#039;art rehauss\u00e9e \u00e0 la main, pour un rendu incroyablement proche du dessin de l&#039;artiste. Objet d\u00e9coration original et de grande qualit\u00e9.\" \/>\n<meta property=\"og:url\" content=\"https:\/\/demaindemaitre.fr\/en\/product\/elisabeth-vigee-lebrun-3\/\" \/>\n<meta property=\"og:site_name\" content=\"De Main de Ma\u00eetre\" \/>\n<meta property=\"article:publisher\" content=\"https:\/\/www.facebook.com\/dmdmdecoration\" \/>\n<meta property=\"article:modified_time\" content=\"2023-10-26T14:48:12+00:00\" \/>\n<meta property=\"og:image\" content=\"https:\/\/demaindemaitre.fr\/wp-content\/uploads\/2023\/10\/Elisabeth-Vigee-Lebrun-Dessin-Portrait-de-femme-748x1024.png\" \/>\n\t<meta property=\"og:image:width\" content=\"748\" \/>\n\t<meta property=\"og:image:height\" content=\"1024\" \/>\n\t<meta property=\"og:image:type\" content=\"image\/png\" \/>\n<meta name=\"twitter:card\" content=\"summary_large_image\" \/>\n<meta name=\"twitter:site\" content=\"@dmdm_decoration\" \/>\n<script type=\"application\/ld+json\" class=\"yoast-schema-graph\">{\"@context\":\"https:\\\/\\\/schema.org\",\"@graph\":[{\"@type\":\"WebPage\",\"@id\":\"https:\\\/\\\/demaindemaitre.fr\\\/produit\\\/elisabeth-vigee-lebrun-3\\\/\",\"url\":\"https:\\\/\\\/demaindemaitre.fr\\\/produit\\\/elisabeth-vigee-lebrun-3\\\/\",\"name\":\"Portrait de femme - De Main de Ma\u00eetre\",\"isPartOf\":{\"@id\":\"https:\\\/\\\/demaindemaitre.fr\\\/#website\"},\"primaryImageOfPage\":{\"@id\":\"https:\\\/\\\/demaindemaitre.fr\\\/produit\\\/elisabeth-vigee-lebrun-3\\\/#primaryimage\"},\"image\":{\"@id\":\"https:\\\/\\\/demaindemaitre.fr\\\/produit\\\/elisabeth-vigee-lebrun-3\\\/#primaryimage\"},\"thumbnailUrl\":\"https:\\\/\\\/i0.wp.com\\\/demaindemaitre.fr\\\/wp-content\\\/uploads\\\/2023\\\/10\\\/Elisabeth-Vigee-Lebrun-Dessin-Portrait-de-femme.png?fit=785%2C1074&ssl=1\",\"datePublished\":\"2023-10-25T09:16:00+00:00\",\"dateModified\":\"2023-10-26T14:48:12+00:00\",\"description\":\"Reproduction d\u2019\u0153uvre d'art rehauss\u00e9e \u00e0 la main, pour un rendu incroyablement proche du dessin de l'artiste. Objet d\u00e9coration original et de grande qualit\u00e9.\",\"breadcrumb\":{\"@id\":\"https:\\\/\\\/demaindemaitre.fr\\\/produit\\\/elisabeth-vigee-lebrun-3\\\/#breadcrumb\"},\"inLanguage\":\"en-US\",\"potentialAction\":[{\"@type\":\"ReadAction\",\"target\":[\"https:\\\/\\\/demaindemaitre.fr\\\/produit\\\/elisabeth-vigee-lebrun-3\\\/\"]}]},{\"@type\":\"ImageObject\",\"inLanguage\":\"en-US\",\"@id\":\"https:\\\/\\\/demaindemaitre.fr\\\/produit\\\/elisabeth-vigee-lebrun-3\\\/#primaryimage\",\"url\":\"https:\\\/\\\/i0.wp.com\\\/demaindemaitre.fr\\\/wp-content\\\/uploads\\\/2023\\\/10\\\/Elisabeth-Vigee-Lebrun-Dessin-Portrait-de-femme.png?fit=785%2C1074&ssl=1\",\"contentUrl\":\"https:\\\/\\\/i0.wp.com\\\/demaindemaitre.fr\\\/wp-content\\\/uploads\\\/2023\\\/10\\\/Elisabeth-Vigee-Lebrun-Dessin-Portrait-de-femme.png?fit=785%2C1074&ssl=1\",\"width\":785,\"height\":1074},{\"@type\":\"BreadcrumbList\",\"@id\":\"https:\\\/\\\/demaindemaitre.fr\\\/produit\\\/elisabeth-vigee-lebrun-3\\\/#breadcrumb\",\"itemListElement\":[{\"@type\":\"ListItem\",\"position\":1,\"name\":\"Accueil\",\"item\":\"https:\\\/\\\/demaindemaitre.fr\\\/\"},{\"@type\":\"ListItem\",\"position\":2,\"name\":\"Collection\",\"item\":\"https:\\\/\\\/demaindemaitre.fr\\\/boutique\\\/\"},{\"@type\":\"ListItem\",\"position\":3,\"name\":\"Elisabeth Vig\u00e9e-Lebrun\"}]},{\"@type\":\"WebSite\",\"@id\":\"https:\\\/\\\/demaindemaitre.fr\\\/#website\",\"url\":\"https:\\\/\\\/demaindemaitre.fr\\\/\",\"name\":\"De Main de Ma\u00eetre\",\"description\":\"Reproductions de dessin d&#039;art rehauss\u00e9es \u00e0 la main\",\"publisher\":{\"@id\":\"https:\\\/\\\/demaindemaitre.fr\\\/#organization\"},\"potentialAction\":[{\"@type\":\"SearchAction\",\"target\":{\"@type\":\"EntryPoint\",\"urlTemplate\":\"https:\\\/\\\/demaindemaitre.fr\\\/?s={search_term_string}\"},\"query-input\":{\"@type\":\"PropertyValueSpecification\",\"valueRequired\":true,\"valueName\":\"search_term_string\"}}],\"inLanguage\":\"en-US\"},{\"@type\":\"Organization\",\"@id\":\"https:\\\/\\\/demaindemaitre.fr\\\/#organization\",\"name\":\"De Main de Ma\u00eetre\",\"url\":\"https:\\\/\\\/demaindemaitre.fr\\\/\",\"logo\":{\"@type\":\"ImageObject\",\"inLanguage\":\"en-US\",\"@id\":\"https:\\\/\\\/demaindemaitre.fr\\\/#\\\/schema\\\/logo\\\/image\\\/\",\"url\":\"https:\\\/\\\/i0.wp.com\\\/demaindemaitre.fr\\\/wp-content\\\/uploads\\\/2022\\\/12\\\/cropped-logo-Red.png?fit=1307%2C1307&ssl=1\",\"contentUrl\":\"https:\\\/\\\/i0.wp.com\\\/demaindemaitre.fr\\\/wp-content\\\/uploads\\\/2022\\\/12\\\/cropped-logo-Red.png?fit=1307%2C1307&ssl=1\",\"width\":1307,\"height\":1307,\"caption\":\"De Main de Ma\u00eetre\"},\"image\":{\"@id\":\"https:\\\/\\\/demaindemaitre.fr\\\/#\\\/schema\\\/logo\\\/image\\\/\"},\"sameAs\":[\"https:\\\/\\\/www.facebook.com\\\/dmdmdecoration\",\"https:\\\/\\\/x.com\\\/dmdm_decoration\",\"https:\\\/\\\/www.instagram.com\\\/de_main_de_maitre\\\/\",\"https:\\\/\\\/www.pinterest.fr\\\/dmdmdrawing\\\/\",\"https:\\\/\\\/www.tumblr.com\\\/demaindemaitre\"]}]}<\/script>\n<!-- \/ Yoast SEO plugin. -->","yoast_head_json":{"title":"Portrait de femme - De Main de Ma\u00eetre","description":"Reproduction d\u2019\u0153uvre d'art rehauss\u00e9e \u00e0 la main, pour un rendu incroyablement proche du dessin de l'artiste. Objet d\u00e9coration original et de grande qualit\u00e9.","robots":{"index":"index","follow":"follow","max-snippet":"max-snippet:-1","max-image-preview":"max-image-preview:large","max-video-preview":"max-video-preview:-1"},"canonical":"https:\/\/demaindemaitre.fr\/en\/product\/elisabeth-vigee-lebrun-3\/","og_locale":"en_US","og_type":"article","og_title":"Portrait de femme - De Main de Ma\u00eetre","og_description":"Reproduction d\u2019\u0153uvre d'art rehauss\u00e9e \u00e0 la main, pour un rendu incroyablement proche du dessin de l'artiste. Objet d\u00e9coration original et de grande qualit\u00e9.","og_url":"https:\/\/demaindemaitre.fr\/en\/product\/elisabeth-vigee-lebrun-3\/","og_site_name":"De Main de Ma\u00eetre","article_publisher":"https:\/\/www.facebook.com\/dmdmdecoration","article_modified_time":"2023-10-26T14:48:12+00:00","og_image":[{"width":748,"height":1024,"url":"https:\/\/demaindemaitre.fr\/wp-content\/uploads\/2023\/10\/Elisabeth-Vigee-Lebrun-Dessin-Portrait-de-femme-748x1024.png","type":"image\/png"}],"twitter_card":"summary_large_image","twitter_site":"@dmdm_decoration","schema":{"@context":"https:\/\/schema.org","@graph":[{"@type":"WebPage","@id":"https:\/\/demaindemaitre.fr\/produit\/elisabeth-vigee-lebrun-3\/","url":"https:\/\/demaindemaitre.fr\/produit\/elisabeth-vigee-lebrun-3\/","name":"Portrait de femme - De Main de Ma\u00eetre","isPartOf":{"@id":"https:\/\/demaindemaitre.fr\/#website"},"primaryImageOfPage":{"@id":"https:\/\/demaindemaitre.fr\/produit\/elisabeth-vigee-lebrun-3\/#primaryimage"},"image":{"@id":"https:\/\/demaindemaitre.fr\/produit\/elisabeth-vigee-lebrun-3\/#primaryimage"},"thumbnailUrl":"https:\/\/i0.wp.com\/demaindemaitre.fr\/wp-content\/uploads\/2023\/10\/Elisabeth-Vigee-Lebrun-Dessin-Portrait-de-femme.png?fit=785%2C1074&ssl=1","datePublished":"2023-10-25T09:16:00+00:00","dateModified":"2023-10-26T14:48:12+00:00","description":"Reproduction d\u2019\u0153uvre d'art rehauss\u00e9e \u00e0 la main, pour un rendu incroyablement proche du dessin de l'artiste. Objet d\u00e9coration original et de grande qualit\u00e9.","breadcrumb":{"@id":"https:\/\/demaindemaitre.fr\/produit\/elisabeth-vigee-lebrun-3\/#breadcrumb"},"inLanguage":"en-US","potentialAction":[{"@type":"ReadAction","target":["https:\/\/demaindemaitre.fr\/produit\/elisabeth-vigee-lebrun-3\/"]}]},{"@type":"ImageObject","inLanguage":"en-US","@id":"https:\/\/demaindemaitre.fr\/produit\/elisabeth-vigee-lebrun-3\/#primaryimage","url":"https:\/\/i0.wp.com\/demaindemaitre.fr\/wp-content\/uploads\/2023\/10\/Elisabeth-Vigee-Lebrun-Dessin-Portrait-de-femme.png?fit=785%2C1074&ssl=1","contentUrl":"https:\/\/i0.wp.com\/demaindemaitre.fr\/wp-content\/uploads\/2023\/10\/Elisabeth-Vigee-Lebrun-Dessin-Portrait-de-femme.png?fit=785%2C1074&ssl=1","width":785,"height":1074},{"@type":"BreadcrumbList","@id":"https:\/\/demaindemaitre.fr\/produit\/elisabeth-vigee-lebrun-3\/#breadcrumb","itemListElement":[{"@type":"ListItem","position":1,"name":"Accueil","item":"https:\/\/demaindemaitre.fr\/"},{"@type":"ListItem","position":2,"name":"Collection","item":"https:\/\/demaindemaitre.fr\/boutique\/"},{"@type":"ListItem","position":3,"name":"Elisabeth Vig\u00e9e-Lebrun"}]},{"@type":"WebSite","@id":"https:\/\/demaindemaitre.fr\/#website","url":"https:\/\/demaindemaitre.fr\/","name":"De Main de Ma\u00eetre","description":"Reproductions de dessin d&#039;art rehauss\u00e9es \u00e0 la main","publisher":{"@id":"https:\/\/demaindemaitre.fr\/#organization"},"potentialAction":[{"@type":"SearchAction","target":{"@type":"EntryPoint","urlTemplate":"https:\/\/demaindemaitre.fr\/?s={search_term_string}"},"query-input":{"@type":"PropertyValueSpecification","valueRequired":true,"valueName":"search_term_string"}}],"inLanguage":"en-US"},{"@type":"Organization","@id":"https:\/\/demaindemaitre.fr\/#organization","name":"De Main de Ma\u00eetre","url":"https:\/\/demaindemaitre.fr\/","logo":{"@type":"ImageObject","inLanguage":"en-US","@id":"https:\/\/demaindemaitre.fr\/#\/schema\/logo\/image\/","url":"https:\/\/i0.wp.com\/demaindemaitre.fr\/wp-content\/uploads\/2022\/12\/cropped-logo-Red.png?fit=1307%2C1307&ssl=1","contentUrl":"https:\/\/i0.wp.com\/demaindemaitre.fr\/wp-content\/uploads\/2022\/12\/cropped-logo-Red.png?fit=1307%2C1307&ssl=1","width":1307,"height":1307,"caption":"De Main de Ma\u00eetre"},"image":{"@id":"https:\/\/demaindemaitre.fr\/#\/schema\/logo\/image\/"},"sameAs":["https:\/\/www.facebook.com\/dmdmdecoration","https:\/\/x.com\/dmdm_decoration","https:\/\/www.instagram.com\/de_main_de_maitre\/","https:\/\/www.pinterest.fr\/dmdmdrawing\/","https:\/\/www.tumblr.com\/demaindemaitre"]}]}},"jetpack_publicize_connections":[],"jetpack_likes_enabled":false,"jetpack_sharing_enabled":true,"_links":{"self":[{"href":"https:\/\/demaindemaitre.fr\/en\/wp-json\/wp\/v2\/product\/35848","targetHints":{"allow":["GET"]}}],"collection":[{"href":"https:\/\/demaindemaitre.fr\/en\/wp-json\/wp\/v2\/product"}],"about":[{"href":"https:\/\/demaindemaitre.fr\/en\/wp-json\/wp\/v2\/types\/product"}],"wp:featuredmedia":[{"embeddable":true,"href":"https:\/\/demaindemaitre.fr\/en\/wp-json\/wp\/v2\/media\/34805"}],"wp:attachment":[{"href":"https:\/\/demaindemaitre.fr\/en\/wp-json\/wp\/v2\/media?parent=35848"}],"wp:term":[{"taxonomy":"product_brand","embeddable":true,"href":"https:\/\/demaindemaitre.fr\/en\/wp-json\/wp\/v2\/product_brand?post=35848"},{"taxonomy":"product_cat","embeddable":true,"href":"https:\/\/demaindemaitre.fr\/en\/wp-json\/wp\/v2\/product_cat?post=35848"},{"taxonomy":"product_tag","embeddable":true,"href":"https:\/\/demaindemaitre.fr\/en\/wp-json\/wp\/v2\/product_tag?post=35848"}],"curies":[{"name":"wp","href":"https:\/\/api.w.org\/{rel}","templated":true}]}}